{"id":3,"date":"2025-01-09T06:00:45","date_gmt":"2025-01-09T06:00:45","guid":{"rendered":"https:\/\/maleiwa.com\/apps\/?page_id=3"},"modified":"2025-01-21T21:05:54","modified_gmt":"2025-01-21T21:05:54","slug":"privacy-policy","status":"publish","type":"page","link":"https:\/\/maleiwa.com\/apps\/privacy-policy\/","title":{"rendered":"Privacy Policy"},"content":{"rendered":"<p>[et_pb_section fb_built=\u00bb1&#8243; admin_label=\u00bbsection\u00bb _builder_version=\u00bb4.16&#8243; global_colors_info=\u00bb{}\u00bb custom_padding=\u00bb41px|||||\u00bb][et_pb_row admin_label=\u00bbrow\u00bb _builder_version=\u00bb4.16&#8243; background_size=\u00bbinitial\u00bb background_position=\u00bbtop_left\u00bb background_repeat=\u00bbrepeat\u00bb global_colors_info=\u00bb{}\u00bb][et_pb_column type=\u00bb4_4&#8243; _builder_version=\u00bb4.16&#8243; custom_padding=\u00bb|||\u00bb global_colors_info=\u00bb{}\u00bb custom_padding__hover=\u00bb|||\u00bb][et_pb_text admin_label=\u00bbText\u00bb _builder_version=\u00bb4.27.4&#8243; background_size=\u00bbinitial\u00bb background_position=\u00bbtop_left\u00bb background_repeat=\u00bbrepeat\u00bb hover_enabled=\u00bb0&#8243; global_colors_info=\u00bb{}\u00bb sticky_enabled=\u00bb0&#8243; text_font_size=\u00bb16px\u00bb header_font_size=\u00bb33px\u00bb header_3_font_size=\u00bb30px\u00bb]<\/p>\n<h3><strong>Pol\u00edtica de Privacidad<br \/><\/strong><\/h3>\n<p><strong><\/strong><\/p>\n<p><strong>Recopilaci\u00f3n de informaci\u00f3n:<\/strong><br \/>En Maleiwa, respetamos tu privacidad. Recopilamos informaci\u00f3n personal que t\u00fa proporcionas a trav\u00e9s del formulario de comentarios o registro, como tu nombre, correo electr\u00f3nico, n\u00famero de celular, entre otros. Esta informaci\u00f3n es utilizada para proporcionarte nuestros servicios y mejorar la experiencia del usuario en nuestra plataforma.<\/p>\n<p><strong>Comentarios<\/strong><br \/>Cuando los visitantes dejan comentarios en el sitio web, recopilamos los datos que se muestran en el formulario de comentarios, as\u00ed como la direcci\u00f3n IP del visitante y la cadena de agente de usuario del navegador para ayudar a la detecci\u00f3n de spam.<\/p>\n<p>Se puede proporcionar una cadena an\u00f3nima creada a partir de tu direcci\u00f3n de correo electr\u00f3nico (tambi\u00e9n llamada \u00abhash\u00bb) al servicio Gravatar para ver si la est\u00e1s usando. La pol\u00edtica de privacidad del servicio Gravatar est\u00e1 disponible <a rel=\"noopener\" target=\"_new\" href=\"https:\/\/automattic.com\/privacy\/\"><span>aqu\u00ed<\/span><\/a>. Despu\u00e9s de la aprobaci\u00f3n de tu comentario, tu foto de perfil es visible para el p\u00fablico en el contexto de tu comentario.<\/p>\n<p><strong>Medios<\/strong><br \/>Si subes im\u00e1genes a la web, debes evitar subir im\u00e1genes con datos de ubicaci\u00f3n incrustados (GPS EXIF) incluidos. Los visitantes del sitio web pueden descargar y extraer cualquier dato de ubicaci\u00f3n de las im\u00e1genes publicadas.<\/p>\n<p><strong>Cookies<\/strong><br \/>Cuando dejas un comentario en nuestro sitio, puedes optar por guardar tu nombre, direcci\u00f3n de correo electr\u00f3nico y sitio web en cookies. Esto es para tu conveniencia, para que no tengas que volver a completar tus datos cuando dejes otro comentario. Estas cookies durar\u00e1n un a\u00f1o.<\/p>\n<p>Si visitas nuestra p\u00e1gina de inicio de sesi\u00f3n, instalaremos una cookie temporal para determinar si tu navegador acepta cookies. Esta cookie no contiene datos personales y se descarta cuando cierras tu navegador.<\/p>\n<p>Cuando inicias sesi\u00f3n, tambi\u00e9n instalaremos varias cookies para guardar tu informaci\u00f3n de inicio de sesi\u00f3n y tus opciones de visualizaci\u00f3n de pantalla. Las cookies de inicio de sesi\u00f3n duran dos d\u00edas y las cookies de opciones de pantalla duran un a\u00f1o. Si seleccionas \u00abRecordarme\u00bb, tu inicio de sesi\u00f3n persistir\u00e1 durante dos semanas. Si cierras sesi\u00f3n en tu cuenta, se eliminar\u00e1n las cookies de inicio de sesi\u00f3n.<\/p>\n<p>Si editas o publicas un art\u00edculo, se guardar\u00e1 una cookie adicional en tu navegador. Esta cookie no incluye datos personales y simplemente indica el ID de publicaci\u00f3n del art\u00edculo que acabas de editar. Caduca despu\u00e9s de 1 d\u00eda.<\/p>\n<p><strong>Contenido incrustado de otros sitios web<\/strong><br \/>Los art\u00edculos de este sitio pueden incluir contenido incrustado (por ejemplo, videos, im\u00e1genes, art\u00edculos, etc.). El contenido incrustado de otros sitios web se comporta exactamente de la misma manera que si el visitante hubiera visitado el otro sitio web.<\/p>\n<p>Estos sitios web pueden recopilar datos sobre ti, utilizar cookies, incrustar seguimiento adicional de terceros y monitorear tu interacci\u00f3n con ese contenido incrustado, incluido el seguimiento de tu interacci\u00f3n con el contenido incrustado si tienes una cuenta y has iniciado sesi\u00f3n en ese sitio web.<\/p>\n<p><strong>Con qui\u00e9n compartimos tus datos<\/strong><br \/>Si solicitas un restablecimiento de contrase\u00f1a, tu direcci\u00f3n IP se incluir\u00e1 en el correo electr\u00f3nico de restablecimiento.<\/p>\n<p><strong>Duraci\u00f3n de conservaci\u00f3n de tus datos<\/strong><br \/>Si dejas un comentario, el comentario y sus metadatos se conservan indefinidamente. Esto es para que podamos reconocer y aprobar autom\u00e1ticamente cualquier comentario de seguimiento en lugar de mantenerlos en una cola de moderaci\u00f3n.<\/p>\n<p>Para los usuarios registrados en nuestro sitio web, tambi\u00e9n almacenamos la informaci\u00f3n personal que proporcionan en su perfil de usuario. Todos los usuarios pueden ver, editar o eliminar su informaci\u00f3n personal en cualquier momento (excepto que no pueden cambiar su nombre de usuario). Los administradores del sitio web tambi\u00e9n pueden ver y editar esa informaci\u00f3n.<\/p>\n<p><strong>Derechos sobre tus datos<\/strong><br \/>Si tienes una cuenta en este sitio o has dejado comentarios, puedes solicitar recibir un archivo exportado de los datos personales que tenemos sobre ti, incluidos los datos que nos hayas proporcionado. Tambi\u00e9n puedes solicitar que borremos cualquier dato personal que tengamos sobre ti. Esto no incluye ning\u00fan dato que estemos obligados a conservar con fines administrativos, legales o de seguridad.<\/p>\n<p><strong>D\u00f3nde se env\u00edan tus datos<\/strong><br \/>Los comentarios de los visitantes pueden ser revisados a trav\u00e9s de un servicio de detecci\u00f3n autom\u00e1tica de spam.<\/p>\n<hr \/>\n<p><strong>\u00daltima actualizaci\u00f3n:<\/strong><br \/>Esta Pol\u00edtica de Privacidad fue actualizada por \u00faltima vez el en Enero 2025<\/p>\n<p>[\/et_pb_text][\/et_pb_column][\/et_pb_row][\/et_pb_section]<\/p>\n","protected":false},"excerpt":{"rendered":"<p>Pol\u00edtica de Privacidad Recopilaci\u00f3n de informaci\u00f3n:En Maleiwa, respetamos tu privacidad. Recopilamos informaci\u00f3n personal que t\u00fa proporcionas a trav\u00e9s del formulario de comentarios o registro, como tu nombre, correo electr\u00f3nico, n\u00famero de celular, entre otros. Esta informaci\u00f3n es utilizada para proporcionarte nuestros servicios y mejorar la experiencia del usuario en nuestra plataforma. ComentariosCuando los visitantes dejan [&hellip;]<\/p>\n","protected":false},"author":1,"featured_media":0,"parent":0,"menu_order":0,"comment_status":"closed","ping_status":"open","template":"","meta":{"_et_pb_use_builder":"on","_et_pb_old_content":"<!-- wp:heading -->\n<h2 class=\"wp-block-heading\">Who we are<\/h2>\n<!-- \/wp:heading -->\n<!-- wp:paragraph -->\n<p><strong class=\"privacy-policy-tutorial\">Suggested text: <\/strong>Our website address is: https:\/\/maleiwa.com\/apps.<\/p>\n<!-- \/wp:paragraph -->\n<!-- wp:heading -->\n<h2 class=\"wp-block-heading\">Comments<\/h2>\n<!-- \/wp:heading -->\n<!-- wp:paragraph -->\n<p><strong class=\"privacy-policy-tutorial\">Suggested text: <\/strong>When visitors leave comments on the site we collect the data shown in the comments form, and also the visitor&#8217;s IP address and browser user agent string to help spam detection.<\/p>\n<!-- \/wp:paragraph -->\n<!-- wp:paragraph -->\n<p>An anonymized string created from your email address (also called a hash) may be provided to the Gravatar service to see if you are using it. The Gravatar service privacy policy is available here: https:\/\/automattic.com\/privacy\/. After approval of your comment, your profile picture is visible to the public in the context of your comment.<\/p>\n<!-- \/wp:paragraph -->\n<!-- wp:heading -->\n<h2 class=\"wp-block-heading\">Media<\/h2>\n<!-- \/wp:heading -->\n<!-- wp:paragraph -->\n<p><strong class=\"privacy-policy-tutorial\">Suggested text: <\/strong>If you upload images to the website, you should avoid uploading images with embedded location data (EXIF GPS) included. Visitors to the website can download and extract any location data from images on the website.<\/p>\n<!-- \/wp:paragraph -->\n<!-- wp:heading -->\n<h2 class=\"wp-block-heading\">Cookies<\/h2>\n<!-- \/wp:heading -->\n<!-- wp:paragraph -->\n<p><strong class=\"privacy-policy-tutorial\">Suggested text: <\/strong>If you leave a comment on our site you may opt-in to saving your name, email address and website in cookies. These are for your convenience so that you do not have to fill in your details again when you leave another comment. These cookies will last for one year.<\/p>\n<!-- \/wp:paragraph -->\n<!-- wp:paragraph -->\n<p>If you visit our login page, we will set a temporary cookie to determine if your browser accepts cookies. This cookie contains no personal data and is discarded when you close your browser.<\/p>\n<!-- \/wp:paragraph -->\n<!-- wp:paragraph -->\n<p>When you log in, we will also set up several cookies to save your login information and your screen display choices. Login cookies last for two days, and screen options cookies last for a year. If you select &quot;Remember Me&quot;, your login will persist for two weeks. If you log out of your account, the login cookies will be removed.<\/p>\n<!-- \/wp:paragraph -->\n<!-- wp:paragraph -->\n<p>If you edit or publish an article, an additional cookie will be saved in your browser. This cookie includes no personal data and simply indicates the post ID of the article you just edited. It expires after 1 day.<\/p>\n<!-- \/wp:paragraph -->\n<!-- wp:heading -->\n<h2 class=\"wp-block-heading\">Embedded content from other websites<\/h2>\n<!-- \/wp:heading -->\n<!-- wp:paragraph -->\n<p><strong class=\"privacy-policy-tutorial\">Suggested text: <\/strong>Articles on this site may include embedded content (e.g. videos, images, articles, etc.). Embedded content from other websites behaves in the exact same way as if the visitor has visited the other website.<\/p>\n<!-- \/wp:paragraph -->\n<!-- wp:paragraph -->\n<p>These websites may collect data about you, use cookies, embed additional third-party tracking, and monitor your interaction with that embedded content, including tracking your interaction with the embedded content if you have an account and are logged in to that website.<\/p>\n<!-- \/wp:paragraph -->\n<!-- wp:heading -->\n<h2 class=\"wp-block-heading\">Who we share your data with<\/h2>\n<!-- \/wp:heading -->\n<!-- wp:paragraph -->\n<p><strong class=\"privacy-policy-tutorial\">Suggested text: <\/strong>If you request a password reset, your IP address will be included in the reset email.<\/p>\n<!-- \/wp:paragraph -->\n<!-- wp:heading -->\n<h2 class=\"wp-block-heading\">How long we retain your data<\/h2>\n<!-- \/wp:heading -->\n<!-- wp:paragraph -->\n<p><strong class=\"privacy-policy-tutorial\">Suggested text: <\/strong>If you leave a comment, the comment and its metadata are retained indefinitely. This is so we can recognize and approve any follow-up comments automatically instead of holding them in a moderation queue.<\/p>\n<!-- \/wp:paragraph -->\n<!-- wp:paragraph -->\n<p>For users that register on our website (if any), we also store the personal information they provide in their user profile. All users can see, edit, or delete their personal information at any time (except they cannot change their username). Website administrators can also see and edit that information.<\/p>\n<!-- \/wp:paragraph -->\n<!-- wp:heading -->\n<h2 class=\"wp-block-heading\">What rights you have over your data<\/h2>\n<!-- \/wp:heading -->\n<!-- wp:paragraph -->\n<p><strong class=\"privacy-policy-tutorial\">Suggested text: <\/strong>If you have an account on this site, or have left comments, you can request to receive an exported file of the personal data we hold about you, including any data you have provided to us. You can also request that we erase any personal data we hold about you. This does not include any data we are obliged to keep for administrative, legal, or security purposes.<\/p>\n<!-- \/wp:paragraph -->\n<!-- wp:heading -->\n<h2 class=\"wp-block-heading\">Where your data is sent<\/h2>\n<!-- \/wp:heading -->\n<!-- wp:paragraph -->\n<p><strong class=\"privacy-policy-tutorial\">Suggested text: <\/strong>Visitor comments may be checked through an automated spam detection service.<\/p>\n<!-- \/wp:paragraph -->\n","_et_gb_content_width":"","footnotes":""},"class_list":["post-3","page","type-page","status-publish","hentry"],"yoast_head":"<!-- This site is optimized with the Yoast SEO plugin v27.3 - https:\/\/yoast.com\/product\/yoast-seo-wordpress\/ -->\n<title>Privacy Policy | Maleiwa App<\/title>\n<meta name=\"description\" content=\"Transforma la gesti\u00f3n de tu escuela deportiva con Maleiwa. Automatiza tareas como la facturaci\u00f3n, gesti\u00f3n de atletas y m\u00e1s. Obt\u00e9n 15 d\u00edas de acceso gratuito y empieza hoy mismo. \u00a1Pre-reg\u00edstrate ahora!\" \/>\n<meta name=\"robots\" content=\"index, follow, max-snippet:-1, max-image-preview:large, max-video-preview:-1\" \/>\n<link rel=\"canonical\" href=\"https:\/\/maleiwa.com\/apps\/privacy-policy\/\" \/>\n<meta property=\"og:locale\" content=\"es_ES\" \/>\n<meta property=\"og:type\" content=\"article\" \/>\n<meta property=\"og:title\" content=\"Privacy Policy | Maleiwa App\" \/>\n<meta property=\"og:description\" content=\"Transforma la gesti\u00f3n de tu escuela deportiva con Maleiwa. Automatiza tareas como la facturaci\u00f3n, gesti\u00f3n de atletas y m\u00e1s. Obt\u00e9n 15 d\u00edas de acceso gratuito y empieza hoy mismo. \u00a1Pre-reg\u00edstrate ahora!\" \/>\n<meta property=\"og:url\" content=\"https:\/\/maleiwa.com\/apps\/privacy-policy\/\" \/>\n<meta property=\"og:site_name\" content=\"Maleiwa App\" \/>\n<meta property=\"article:publisher\" content=\"https:\/\/www.facebook.com\/profile.php?id=61562626041788\" \/>\n<meta property=\"article:modified_time\" content=\"2025-01-21T21:05:54+00:00\" \/>\n<meta property=\"og:image\" content=\"https:\/\/maleiwa.com\/apps\/wp-content\/uploads\/2025\/01\/LogoMaleiwafavicon.png\" \/>\n\t<meta property=\"og:image:width\" content=\"350\" \/>\n\t<meta property=\"og:image:height\" content=\"348\" \/>\n\t<meta property=\"og:image:type\" content=\"image\/png\" \/>\n<meta name=\"twitter:card\" content=\"summary_large_image\" \/>\n<meta name=\"twitter:label1\" content=\"Tiempo de lectura\" \/>\n\t<meta name=\"twitter:data1\" content=\"4 minutos\" \/>\n<script type=\"application\/ld+json\" class=\"yoast-schema-graph\">{\"@context\":\"https:\\\/\\\/schema.org\",\"@graph\":[{\"@type\":\"WebPage\",\"@id\":\"https:\\\/\\\/maleiwa.com\\\/apps\\\/privacy-policy\\\/\",\"url\":\"https:\\\/\\\/maleiwa.com\\\/apps\\\/privacy-policy\\\/\",\"name\":\"Privacy Policy | Maleiwa App\",\"isPartOf\":{\"@id\":\"https:\\\/\\\/maleiwa.com\\\/apps\\\/#website\"},\"datePublished\":\"2025-01-09T06:00:45+00:00\",\"dateModified\":\"2025-01-21T21:05:54+00:00\",\"description\":\"Transforma la gesti\u00f3n de tu escuela deportiva con Maleiwa. Automatiza tareas como la facturaci\u00f3n, gesti\u00f3n de atletas y m\u00e1s. Obt\u00e9n 15 d\u00edas de acceso gratuito y empieza hoy mismo. \u00a1Pre-reg\u00edstrate ahora!\",\"breadcrumb\":{\"@id\":\"https:\\\/\\\/maleiwa.com\\\/apps\\\/privacy-policy\\\/#breadcrumb\"},\"inLanguage\":\"es\",\"potentialAction\":[{\"@type\":\"ReadAction\",\"target\":[\"https:\\\/\\\/maleiwa.com\\\/apps\\\/privacy-policy\\\/\"]}]},{\"@type\":\"BreadcrumbList\",\"@id\":\"https:\\\/\\\/maleiwa.com\\\/apps\\\/privacy-policy\\\/#breadcrumb\",\"itemListElement\":[{\"@type\":\"ListItem\",\"position\":1,\"name\":\"Portada\",\"item\":\"https:\\\/\\\/maleiwa.com\\\/apps\\\/\"},{\"@type\":\"ListItem\",\"position\":2,\"name\":\"Privacy Policy\"}]},{\"@type\":\"WebSite\",\"@id\":\"https:\\\/\\\/maleiwa.com\\\/apps\\\/#website\",\"url\":\"https:\\\/\\\/maleiwa.com\\\/apps\\\/\",\"name\":\"Maleiwa Gesti\u00f3n Deportiva | Automatizaci\u00f3n y Optimizaci\u00f3n para Escuelas Deportivas\",\"description\":\"Transforma la gesti&oacute;n de tu escuela deportiva con Maleiwa. Automatiza tareas como la facturaci&oacute;n, gesti&oacute;n de atletas y m&aacute;s. Obt&eacute;n 15 d&iacute;as de acceso gratuito y empieza hoy mismo. &iexcl;Pre-reg&iacute;strate ahora!\",\"publisher\":{\"@id\":\"https:\\\/\\\/maleiwa.com\\\/apps\\\/#organization\"},\"alternateName\":\"Maleiwa Gesti\u00f3n Deportiva\",\"potentialAction\":[{\"@type\":\"SearchAction\",\"target\":{\"@type\":\"EntryPoint\",\"urlTemplate\":\"https:\\\/\\\/maleiwa.com\\\/apps\\\/?s={search_term_string}\"},\"query-input\":{\"@type\":\"PropertyValueSpecification\",\"valueRequired\":true,\"valueName\":\"search_term_string\"}}],\"inLanguage\":\"es\"},{\"@type\":\"Organization\",\"@id\":\"https:\\\/\\\/maleiwa.com\\\/apps\\\/#organization\",\"name\":\"Maleiwa Gesti\u00f3n Deportiva\",\"alternateName\":\"Maleiwa\",\"url\":\"https:\\\/\\\/maleiwa.com\\\/apps\\\/\",\"logo\":{\"@type\":\"ImageObject\",\"inLanguage\":\"es\",\"@id\":\"https:\\\/\\\/maleiwa.com\\\/apps\\\/#\\\/schema\\\/logo\\\/image\\\/\",\"url\":\"https:\\\/\\\/maleiwa.com\\\/apps\\\/wp-content\\\/uploads\\\/2025\\\/01\\\/LogoMaleiwafavicon.png\",\"contentUrl\":\"https:\\\/\\\/maleiwa.com\\\/apps\\\/wp-content\\\/uploads\\\/2025\\\/01\\\/LogoMaleiwafavicon.png\",\"width\":350,\"height\":348,\"caption\":\"Maleiwa Gesti\u00f3n Deportiva\"},\"image\":{\"@id\":\"https:\\\/\\\/maleiwa.com\\\/apps\\\/#\\\/schema\\\/logo\\\/image\\\/\"},\"sameAs\":[\"https:\\\/\\\/www.facebook.com\\\/profile.php?id=61562626041788\",\"https:\\\/\\\/www.instagram.com\\\/maleiwadeportes\\\/\"]}]}<\/script>\n<!-- \/ Yoast SEO plugin. -->","yoast_head_json":{"title":"Privacy Policy | Maleiwa App","description":"Transforma la gesti\u00f3n de tu escuela deportiva con Maleiwa. Automatiza tareas como la facturaci\u00f3n, gesti\u00f3n de atletas y m\u00e1s. Obt\u00e9n 15 d\u00edas de acceso gratuito y empieza hoy mismo. \u00a1Pre-reg\u00edstrate ahora!","robots":{"index":"index","follow":"follow","max-snippet":"max-snippet:-1","max-image-preview":"max-image-preview:large","max-video-preview":"max-video-preview:-1"},"canonical":"https:\/\/maleiwa.com\/apps\/privacy-policy\/","og_locale":"es_ES","og_type":"article","og_title":"Privacy Policy | Maleiwa App","og_description":"Transforma la gesti\u00f3n de tu escuela deportiva con Maleiwa. Automatiza tareas como la facturaci\u00f3n, gesti\u00f3n de atletas y m\u00e1s. Obt\u00e9n 15 d\u00edas de acceso gratuito y empieza hoy mismo. \u00a1Pre-reg\u00edstrate ahora!","og_url":"https:\/\/maleiwa.com\/apps\/privacy-policy\/","og_site_name":"Maleiwa App","article_publisher":"https:\/\/www.facebook.com\/profile.php?id=61562626041788","article_modified_time":"2025-01-21T21:05:54+00:00","og_image":[{"width":350,"height":348,"url":"https:\/\/maleiwa.com\/apps\/wp-content\/uploads\/2025\/01\/LogoMaleiwafavicon.png","type":"image\/png"}],"twitter_card":"summary_large_image","twitter_misc":{"Tiempo de lectura":"4 minutos"},"schema":{"@context":"https:\/\/schema.org","@graph":[{"@type":"WebPage","@id":"https:\/\/maleiwa.com\/apps\/privacy-policy\/","url":"https:\/\/maleiwa.com\/apps\/privacy-policy\/","name":"Privacy Policy | Maleiwa App","isPartOf":{"@id":"https:\/\/maleiwa.com\/apps\/#website"},"datePublished":"2025-01-09T06:00:45+00:00","dateModified":"2025-01-21T21:05:54+00:00","description":"Transforma la gesti\u00f3n de tu escuela deportiva con Maleiwa. Automatiza tareas como la facturaci\u00f3n, gesti\u00f3n de atletas y m\u00e1s. Obt\u00e9n 15 d\u00edas de acceso gratuito y empieza hoy mismo. \u00a1Pre-reg\u00edstrate ahora!","breadcrumb":{"@id":"https:\/\/maleiwa.com\/apps\/privacy-policy\/#breadcrumb"},"inLanguage":"es","potentialAction":[{"@type":"ReadAction","target":["https:\/\/maleiwa.com\/apps\/privacy-policy\/"]}]},{"@type":"BreadcrumbList","@id":"https:\/\/maleiwa.com\/apps\/privacy-policy\/#breadcrumb","itemListElement":[{"@type":"ListItem","position":1,"name":"Portada","item":"https:\/\/maleiwa.com\/apps\/"},{"@type":"ListItem","position":2,"name":"Privacy Policy"}]},{"@type":"WebSite","@id":"https:\/\/maleiwa.com\/apps\/#website","url":"https:\/\/maleiwa.com\/apps\/","name":"Maleiwa Gesti\u00f3n Deportiva | Automatizaci\u00f3n y Optimizaci\u00f3n para Escuelas Deportivas","description":"Transforma la gesti&oacute;n de tu escuela deportiva con Maleiwa. Automatiza tareas como la facturaci&oacute;n, gesti&oacute;n de atletas y m&aacute;s. Obt&eacute;n 15 d&iacute;as de acceso gratuito y empieza hoy mismo. &iexcl;Pre-reg&iacute;strate ahora!","publisher":{"@id":"https:\/\/maleiwa.com\/apps\/#organization"},"alternateName":"Maleiwa Gesti\u00f3n Deportiva","potentialAction":[{"@type":"SearchAction","target":{"@type":"EntryPoint","urlTemplate":"https:\/\/maleiwa.com\/apps\/?s={search_term_string}"},"query-input":{"@type":"PropertyValueSpecification","valueRequired":true,"valueName":"search_term_string"}}],"inLanguage":"es"},{"@type":"Organization","@id":"https:\/\/maleiwa.com\/apps\/#organization","name":"Maleiwa Gesti\u00f3n Deportiva","alternateName":"Maleiwa","url":"https:\/\/maleiwa.com\/apps\/","logo":{"@type":"ImageObject","inLanguage":"es","@id":"https:\/\/maleiwa.com\/apps\/#\/schema\/logo\/image\/","url":"https:\/\/maleiwa.com\/apps\/wp-content\/uploads\/2025\/01\/LogoMaleiwafavicon.png","contentUrl":"https:\/\/maleiwa.com\/apps\/wp-content\/uploads\/2025\/01\/LogoMaleiwafavicon.png","width":350,"height":348,"caption":"Maleiwa Gesti\u00f3n Deportiva"},"image":{"@id":"https:\/\/maleiwa.com\/apps\/#\/schema\/logo\/image\/"},"sameAs":["https:\/\/www.facebook.com\/profile.php?id=61562626041788","https:\/\/www.instagram.com\/maleiwadeportes\/"]}]}},"_links":{"self":[{"href":"https:\/\/maleiwa.com\/apps\/wp-json\/wp\/v2\/pages\/3","targetHints":{"allow":["GET"]}}],"collection":[{"href":"https:\/\/maleiwa.com\/apps\/wp-json\/wp\/v2\/pages"}],"about":[{"href":"https:\/\/maleiwa.com\/apps\/wp-json\/wp\/v2\/types\/page"}],"author":[{"embeddable":true,"href":"https:\/\/maleiwa.com\/apps\/wp-json\/wp\/v2\/users\/1"}],"replies":[{"embeddable":true,"href":"https:\/\/maleiwa.com\/apps\/wp-json\/wp\/v2\/comments?post=3"}],"version-history":[{"count":2,"href":"https:\/\/maleiwa.com\/apps\/wp-json\/wp\/v2\/pages\/3\/revisions"}],"predecessor-version":[{"id":144,"href":"https:\/\/maleiwa.com\/apps\/wp-json\/wp\/v2\/pages\/3\/revisions\/144"}],"wp:attachment":[{"href":"https:\/\/maleiwa.com\/apps\/wp-json\/wp\/v2\/media?parent=3"}],"curies":[{"name":"wp","href":"https:\/\/api.w.org\/{rel}","templated":true}]}}